{"id":10571,"date":"2020-01-27T06:32:32","date_gmt":"2020-01-27T05:32:32","guid":{"rendered":"http:\/\/localhost\/power-to-x-days\/blog\/"},"modified":"2025-09-08T08:49:40","modified_gmt":"2025-09-08T06:49:40","slug":"blog","status":"publish","type":"page","link":"https:\/\/power-to-x-days.ch\/fr\/blog\/","title":{"rendered":"Blog"},"content":{"rendered":"\n    <section class=\"blog-block general-posts-block gb-editor-border\" data-postsperpage=\"6\" data-paged=\"1\" data-posttype=\"post\">\n        <div class=\"loading-fade\">\n            <div class=\"lds-dual-ring\"><\/div>\n        <\/div>\n\n                    <div class=\"section-title-wraper scrollMagic-block visibleInBackend\" data-uid=\"69e14f616be82\">\n                <h2 class=\"section-title\">Des insights passionnants autour des<br>Power-to-X DAYS.<\/h2>\n            <\/div>\n        \n                    <div class=\"blog-posts-filter-wrapper scrollMagic-block visibleInBackend\" data-uid=\"69e14f616be83\">\n                                    <div class=\"filter-tag grey-btn \" data-slug=\"gesellschaft\">\n                        Gesellschaft                    <\/div>\n                                    <div class=\"filter-tag grey-btn \" data-slug=\"mobilitaet\">\n                        Mobilit\u00e4t                    <\/div>\n                            <\/div>\n        \n                    <div class=\"blog-posts-wrapper\">\n                \n<div class=\"blog-post-wrapper equal-h delay-0 scrollMagic-block visibleInBackend\" data-uid=\"69e14f616dfc9\">\n    <div class=\"blog-post-inner-container\">\n        <a href=\"https:\/\/power-to-x-days.ch\/fr\/geballte-impulse-fur-power-to-x-am-congress-day\/\" class=\"blog-post-thumb\">\n                            <img decoding=\"async\" src=\"https:\/\/power-to-x-days.ch\/wp-content\/uploads\/2024\/11\/BHP-9652-1-750x465.jpg\" alt=\"Une impulsion concentr\u00e9e pour le Power-to-X\">\n                    <\/a>\n\n        <div class=\"blog-post-body\">\n            <h2 class=\"blog-post-title\">\n                <a href=\"https:\/\/power-to-x-days.ch\/fr\/geballte-impulse-fur-power-to-x-am-congress-day\/\">Une impulsion concentr\u00e9e pour le Power-to-X<\/a>\n            <\/h2>\n\n            <div class=\"blog-post-btn-wraper\">\n                <a href=\"https:\/\/power-to-x-days.ch\/fr\/geballte-impulse-fur-power-to-x-am-congress-day\/\">lire la suite<\/a>\n\n                            <\/div>\n        <\/div>\n    <\/div>\n<\/div>\n            <\/div>\n        \n        <div class=\"load-more-wrapper hide-button scrollMagic-block visibleInBackend\" data-uid=\"69e14f616e359\">\n            <a href=\"#\" class=\"primary-btn\">\n                Charger plus            <\/a>\n        <\/div>\n    <\/section>\n\n\n\n\n\n\n\n\n    \n    <section class=\"newsletter-block  scrollMagic-block visibleInBackend\" data-uid=\"69e14f616ee75\">\n    <div class=\"block-bg\"><\/div>\n\n    <div class=\"newsletter-block-inner-container\">\n                    <h2 class=\"section-title\">Newsletter<\/h2>\n        \n                    <h3 class=\"section-subtitle\">Soyez en permanence au courant des derni\u00e8res nouvelles et inscrivez-vous d\u00e8s aujourd&rsquo;hui \u00e0 notre newsletter.<\/h3>\n        \n        <div class=\"form-wrapper\">\n            <div class=\"frm_forms \" id=\"frm_form_6_container\" >\n<form enctype=\"multipart\/form-data\" method=\"post\" class=\"frm-show-form  frm_js_validate  frm_ajax_submit  frm_pro_form \" id=\"form_contact-form32\" >\n<div class=\"frm_form_fields \">\n<fieldset>\n<legend class=\"frm_screen_reader\">Newsletter (FR)<\/legend>\r\n\r\n<div class=\"frm_fields_container\">\n<input type=\"hidden\" name=\"frm_action\" value=\"create\" \/>\n<input type=\"hidden\" name=\"form_id\" value=\"6\" \/>\n<input type=\"hidden\" name=\"frm_hide_fields_6\" id=\"frm_hide_fields_6\" value=\"\" \/>\n<input type=\"hidden\" name=\"form_key\" value=\"contact-form32\" \/>\n<input type=\"hidden\" name=\"item_meta[0]\" value=\"\" \/>\n<input type=\"hidden\" id=\"frm_submit_entry_6\" name=\"frm_submit_entry_6\" value=\"e23b2a7620\" \/><input type=\"hidden\" name=\"_wp_http_referer\" value=\"\/fr\/wp-json\/wp\/v2\/pages\/10571\" \/><div id=\"frm_field_43_container\" class=\"frm_form_field form-field  frm_required_field frm_top_container frm_half\">\r\n    <label for=\"field_qh4icy42\" id=\"field_qh4icy42_label\" class=\"frm_primary_label\">Pr\u00e9nom *\r\n        <span class=\"frm_required\" aria-hidden=\"true\"><\/span>\r\n    <\/label>\r\n    <input  type=\"text\" id=\"field_qh4icy42\" name=\"item_meta[43]\" value=\"\"  data-reqmsg=\"Ce champ ne peut pas \u00eatre vide.\" aria-required=\"true\" data-invmsg=\"Pr\u00e9nom * is invalid\" aria-invalid=\"false\"   \/>\r\n    \r\n    \r\n<\/div>\n<div id=\"frm_field_44_container\" class=\"frm_form_field form-field  frm_required_field frm_top_container frm_half\">\r\n    <label for=\"field_29yf4d42\" id=\"field_29yf4d42_label\" class=\"frm_primary_label\">Courriel *\r\n        <span class=\"frm_required\" aria-hidden=\"true\"><\/span>\r\n    <\/label>\r\n    <input type=\"email\" id=\"field_29yf4d42\" name=\"item_meta[44]\" value=\"\"  data-reqmsg=\"Ce champ ne peut pas \u00eatre vide.\" aria-required=\"true\" data-invmsg=\"Veuillez saisir une adresse e-mail valide.\" aria-invalid=\"false\"  \/>\r\n    \r\n    \r\n<\/div>\n<div id=\"frm_field_45_container\" class=\"frm_form_field form-field  frm_required_field frm_top_container hide-label vertical_radio\">\r\n\t<div  id=\"field_swl5r3_label\" class=\"frm_primary_label\">J&rsquo;accepte la politique de confidentialit\u00e9.\r\n\t\t<span class=\"frm_required\" aria-hidden=\"true\"><\/span>\r\n\t<\/div>\r\n\t<div class=\"frm_opt_container\" aria-labelledby=\"field_swl5r3_label\" role=\"group\">\t\t<div class=\"frm_checkbox\" id=\"frm_checkbox_45-0\">\t\t\t<label  for=\"field_swl5r3-0\">\n\t\t\t<input type=\"checkbox\" name=\"item_meta[45][]\" id=\"field_swl5r3-0\" value=\"J&#039;accepte la politique de confidentialit\u00e9.\"  data-reqmsg=\"Ce champ est obligatoire.\" data-invmsg=\"Ce champ n&#039;est pas valide.\"   aria-required=\"true\"  \/> J&rsquo;accepte la politique de confidentialit\u00e9.<\/label><\/div>\n<\/div>\r\n\t\r\n\t\r\n<\/div>\n<div id=\"frm_field_46_container\" class=\"frm_form_field form-field  frm_none_container hide-label\">\r\n\t<label for=\"g-recaptcha-response\" id=\"field_lox3o3_label\" class=\"frm_primary_label\">Captcha\r\n\t\t<span class=\"frm_required\" aria-hidden=\"true\"><\/span>\r\n\t<\/label>\r\n\t<div  id=\"field_lox3o3\" class=\"frm-g-recaptcha\" data-sitekey=\"6Lclo_ApAAAAAJA_WzwGVnJV-ip8DIKvgfIwY5Qq\" data-size=\"invisible\" data-theme=\"light\"><\/div>\r\n\t\r\n\t\r\n<\/div>\n<div id=\"frm_field_47_container\" class=\"frm_form_field form-field \">\r\n\t<div class=\"frm_submit\">\r\n\r\n<button class=\"frm_button_submit frm_final_submit\" type=\"submit\"   formnovalidate=\"formnovalidate\">Se connecter<\/button>\r\n\r\n\r\n<\/div>\r\n<\/div>\n\t<input type=\"hidden\" name=\"item_key\" value=\"\" \/>\n\t\t\t<div id=\"frm_field_48_container\">\n\t\t\t<label for=\"field_1qhdc\" >\n\t\t\t\tSi vous \u00eates un humain, ne remplissez pas ce champ.\t\t\t<\/label>\n\t\t\t<input  id=\"field_1qhdc\" type=\"text\" class=\"frm_form_field form-field frm_verify\" name=\"item_meta[48]\" value=\"\"  \/>\n\t\t<\/div>\n\t\t<input name=\"frm_state\" type=\"hidden\" value=\"lXHC9tD0d116dkfFN4hdyw35aUxtwIqYCrYqgfS25GF0DRJ1uztQodF\/q84uEM\/+\" \/><\/div>\n<\/fieldset>\n<\/div>\n\n<\/form>\n<\/div>\n        <\/div>\n    <\/div>\n<\/section>\n\n\n\n\n\n    <div class=\"xs_social_share_widget xs_share_url after_content \t\tmain_content  wslu-style-1 wslu-share-box-shaped wslu-fill-colored wslu-none wslu-share-horizontal wslu-theme-font-no wslu-main_content\">\n\n\t\t\n        <ul>\n\t\t\t        <\/ul>\n    <\/div> \n","protected":false},"excerpt":{"rendered":"","protected":false},"author":5,"featured_media":0,"parent":0,"menu_order":0,"comment_status":"closed","ping_status":"closed","template":"template\/full-width-template.php","meta":{"_acf_changed":false,"inline_featured_image":false,"footnotes":""},"class_list":["post-10571","page","type-page","status-publish","hentry"],"acf":[],"yoast_head":"<!-- This site is optimized with the Yoast SEO plugin v27.2 - https:\/\/yoast.com\/product\/yoast-seo-wordpress\/ -->\n<title>Blog - Power-to-X DAYS<\/title>\n<meta name=\"robots\" content=\"index, follow, max-snippet:-1, max-image-preview:large, max-video-preview:-1\" \/>\n<link rel=\"canonical\" href=\"https:\/\/power-to-x-days.ch\/fr\/blog\/\" \/>\n<meta property=\"og:locale\" content=\"fr_FR\" \/>\n<meta property=\"og:type\" content=\"article\" \/>\n<meta property=\"og:title\" content=\"Blog - Power-to-X DAYS\" \/>\n<meta property=\"og:url\" content=\"https:\/\/power-to-x-days.ch\/fr\/blog\/\" \/>\n<meta property=\"og:site_name\" content=\"Power-to-X DAYS\" \/>\n<meta property=\"article:modified_time\" content=\"2025-09-08T06:49:40+00:00\" \/>\n<meta property=\"og:image\" content=\"https:\/\/power-to-x-days.ch\/wp-content\/uploads\/2020\/01\/p2xlogopng.png\" \/>\n\t<meta property=\"og:image:width\" content=\"1192\" \/>\n\t<meta property=\"og:image:height\" content=\"337\" \/>\n\t<meta property=\"og:image:type\" content=\"image\/png\" \/>\n<meta name=\"twitter:card\" content=\"summary_large_image\" \/>\n<script type=\"application\/ld+json\" class=\"yoast-schema-graph\">{\"@context\":\"https:\/\/schema.org\",\"@graph\":[{\"@type\":\"WebPage\",\"@id\":\"https:\/\/power-to-x-days.ch\/fr\/blog\/\",\"url\":\"https:\/\/power-to-x-days.ch\/fr\/blog\/\",\"name\":\"Blog - Power-to-X DAYS\",\"isPartOf\":{\"@id\":\"https:\/\/power-to-x-days.ch\/#website\"},\"datePublished\":\"2020-01-27T05:32:32+00:00\",\"dateModified\":\"2025-09-08T06:49:40+00:00\",\"breadcrumb\":{\"@id\":\"https:\/\/power-to-x-days.ch\/fr\/blog\/#breadcrumb\"},\"inLanguage\":\"fr-FR\",\"potentialAction\":[{\"@type\":\"ReadAction\",\"target\":[\"https:\/\/power-to-x-days.ch\/fr\/blog\/\"]}]},{\"@type\":\"BreadcrumbList\",\"@id\":\"https:\/\/power-to-x-days.ch\/fr\/blog\/#breadcrumb\",\"itemListElement\":[{\"@type\":\"ListItem\",\"position\":1,\"name\":\"Startseite\",\"item\":\"https:\/\/power-to-x-days.ch\/fr\/\"},{\"@type\":\"ListItem\",\"position\":2,\"name\":\"Blog\"}]},{\"@type\":\"WebSite\",\"@id\":\"https:\/\/power-to-x-days.ch\/#website\",\"url\":\"https:\/\/power-to-x-days.ch\/\",\"name\":\"Power-to-X DAYS\",\"description\":\"Energie f\u00fcr gute L\u00f6sungen\",\"publisher\":{\"@id\":\"https:\/\/power-to-x-days.ch\/#organization\"},\"potentialAction\":[{\"@type\":\"SearchAction\",\"target\":{\"@type\":\"EntryPoint\",\"urlTemplate\":\"https:\/\/power-to-x-days.ch\/?s={search_term_string}\"},\"query-input\":{\"@type\":\"PropertyValueSpecification\",\"valueRequired\":true,\"valueName\":\"search_term_string\"}}],\"inLanguage\":\"fr-FR\"},{\"@type\":\"Organization\",\"@id\":\"https:\/\/power-to-x-days.ch\/#organization\",\"name\":\"Power-to-X DAYS\",\"url\":\"https:\/\/power-to-x-days.ch\/\",\"logo\":{\"@type\":\"ImageObject\",\"inLanguage\":\"fr-FR\",\"@id\":\"https:\/\/power-to-x-days.ch\/#\/schema\/logo\/image\/\",\"url\":\"https:\/\/power-to-x-days.ch\/wp-content\/uploads\/2020\/01\/p2xlogopng.png\",\"contentUrl\":\"https:\/\/power-to-x-days.ch\/wp-content\/uploads\/2020\/01\/p2xlogopng.png\",\"width\":1192,\"height\":337,\"caption\":\"Power-to-X DAYS\"},\"image\":{\"@id\":\"https:\/\/power-to-x-days.ch\/#\/schema\/logo\/image\/\"},\"sameAs\":[\"https:\/\/www.linkedin.com\/company\/102862334\",\"https:\/\/www.instagram.com\/power_to_x_days\"]}]}<\/script>\n<!-- \/ Yoast SEO plugin. -->","yoast_head_json":{"title":"Blog - Power-to-X DAYS","robots":{"index":"index","follow":"follow","max-snippet":"max-snippet:-1","max-image-preview":"max-image-preview:large","max-video-preview":"max-video-preview:-1"},"canonical":"https:\/\/power-to-x-days.ch\/fr\/blog\/","og_locale":"fr_FR","og_type":"article","og_title":"Blog - Power-to-X DAYS","og_url":"https:\/\/power-to-x-days.ch\/fr\/blog\/","og_site_name":"Power-to-X DAYS","article_modified_time":"2025-09-08T06:49:40+00:00","og_image":[{"width":1192,"height":337,"url":"https:\/\/power-to-x-days.ch\/wp-content\/uploads\/2020\/01\/p2xlogopng.png","type":"image\/png"}],"twitter_card":"summary_large_image","schema":{"@context":"https:\/\/schema.org","@graph":[{"@type":"WebPage","@id":"https:\/\/power-to-x-days.ch\/fr\/blog\/","url":"https:\/\/power-to-x-days.ch\/fr\/blog\/","name":"Blog - Power-to-X DAYS","isPartOf":{"@id":"https:\/\/power-to-x-days.ch\/#website"},"datePublished":"2020-01-27T05:32:32+00:00","dateModified":"2025-09-08T06:49:40+00:00","breadcrumb":{"@id":"https:\/\/power-to-x-days.ch\/fr\/blog\/#breadcrumb"},"inLanguage":"fr-FR","potentialAction":[{"@type":"ReadAction","target":["https:\/\/power-to-x-days.ch\/fr\/blog\/"]}]},{"@type":"BreadcrumbList","@id":"https:\/\/power-to-x-days.ch\/fr\/blog\/#breadcrumb","itemListElement":[{"@type":"ListItem","position":1,"name":"Startseite","item":"https:\/\/power-to-x-days.ch\/fr\/"},{"@type":"ListItem","position":2,"name":"Blog"}]},{"@type":"WebSite","@id":"https:\/\/power-to-x-days.ch\/#website","url":"https:\/\/power-to-x-days.ch\/","name":"Power-to-X DAYS","description":"Energie f\u00fcr gute L\u00f6sungen","publisher":{"@id":"https:\/\/power-to-x-days.ch\/#organization"},"potentialAction":[{"@type":"SearchAction","target":{"@type":"EntryPoint","urlTemplate":"https:\/\/power-to-x-days.ch\/?s={search_term_string}"},"query-input":{"@type":"PropertyValueSpecification","valueRequired":true,"valueName":"search_term_string"}}],"inLanguage":"fr-FR"},{"@type":"Organization","@id":"https:\/\/power-to-x-days.ch\/#organization","name":"Power-to-X DAYS","url":"https:\/\/power-to-x-days.ch\/","logo":{"@type":"ImageObject","inLanguage":"fr-FR","@id":"https:\/\/power-to-x-days.ch\/#\/schema\/logo\/image\/","url":"https:\/\/power-to-x-days.ch\/wp-content\/uploads\/2020\/01\/p2xlogopng.png","contentUrl":"https:\/\/power-to-x-days.ch\/wp-content\/uploads\/2020\/01\/p2xlogopng.png","width":1192,"height":337,"caption":"Power-to-X DAYS"},"image":{"@id":"https:\/\/power-to-x-days.ch\/#\/schema\/logo\/image\/"},"sameAs":["https:\/\/www.linkedin.com\/company\/102862334","https:\/\/www.instagram.com\/power_to_x_days"]}]}},"_links":{"self":[{"href":"https:\/\/power-to-x-days.ch\/fr\/wp-json\/wp\/v2\/pages\/10571","targetHints":{"allow":["GET"]}}],"collection":[{"href":"https:\/\/power-to-x-days.ch\/fr\/wp-json\/wp\/v2\/pages"}],"about":[{"href":"https:\/\/power-to-x-days.ch\/fr\/wp-json\/wp\/v2\/types\/page"}],"author":[{"embeddable":true,"href":"https:\/\/power-to-x-days.ch\/fr\/wp-json\/wp\/v2\/users\/5"}],"replies":[{"embeddable":true,"href":"https:\/\/power-to-x-days.ch\/fr\/wp-json\/wp\/v2\/comments?post=10571"}],"version-history":[{"count":1,"href":"https:\/\/power-to-x-days.ch\/fr\/wp-json\/wp\/v2\/pages\/10571\/revisions"}],"predecessor-version":[{"id":12901,"href":"https:\/\/power-to-x-days.ch\/fr\/wp-json\/wp\/v2\/pages\/10571\/revisions\/12901"}],"wp:attachment":[{"href":"https:\/\/power-to-x-days.ch\/fr\/wp-json\/wp\/v2\/media?parent=10571"}],"curies":[{"name":"wp","href":"https:\/\/api.w.org\/{rel}","templated":true}]}}