{"id":10575,"date":"2024-06-04T11:15:17","date_gmt":"2024-06-04T09:15:17","guid":{"rendered":"http:\/\/localhost\/power-to-x-days\/mentions-legales\/"},"modified":"2025-09-08T08:54:27","modified_gmt":"2025-09-08T06:54:27","slug":"mentions-legales","status":"publish","type":"page","link":"https:\/\/power-to-x-days.ch\/fr\/mentions-legales\/","title":{"rendered":"Mentions l\u00e9gales"},"content":{"rendered":"<div class=\"custom-separator gb-editor-border\"><\/div>\n\n\n\n<p>Power-to-X DAYS<br>c\/o Swissmem<\/p>\n\n\n\n<p>Tout le contenu de ce site web \u00a9Power-to-X DAYS.<br>L&rsquo;utilisation de textes et d&rsquo;images n&rsquo;est possible qu&rsquo;avec une autorisation expresse.<br>Power-to-X DAYS, c\/o Swissmem n&rsquo;est pas responsable du contenu des sites externes vers lesquels des liens sont \u00e9tablis \u00e0 partir de ce site.<\/p>\n\n\n\n<p><strong>Concept &amp; R\u00e9daction<\/strong><br>Sensor Advice GmbH<br>Universit\u00e4tstrasse 65<br>8006 Zurich<br><a href=\"https:\/\/www.sensoradvice.ch\/\" target=\"_blank\" rel=\"noreferrer noopener\">www.sensoradvice.ch<\/a><\/p>\n\n\n\n<p><strong>Conception<\/strong><br>Mr. Campaigning AG<br>Limmat Tower | Apartment 4.1<br>\u00dcberlandstrasse 18<br>8953 Dietikon<br><a href=\"https:\/\/mrcampaigning.com\/\">www.mrcampaigning.com<\/a><\/p>\n\n\n\n<p><strong>Programmation<\/strong><br>Web-Elements GmbH<br>Thurgauerstrasse 117<br>8152 Glattpark (Opfikon)<br><a href=\"https:\/\/web-elements.ch\/\" target=\"_blank\" rel=\"noreferrer noopener\">www.web-elements.ch<\/a><\/p>\n\n    <div class=\"xs_social_share_widget xs_share_url after_content \t\tmain_content  wslu-style-1 wslu-share-box-shaped wslu-fill-colored wslu-none wslu-share-horizontal wslu-theme-font-no wslu-main_content\">\n\n\t\t\n        <ul>\n\t\t\t        <\/ul>\n    <\/div> \n","protected":false},"excerpt":{"rendered":"<p>Power-to-X DAYSc\/o Swissmem Tout le contenu de ce site web \u00a9Power-to-X DAYS.L&rsquo;utilisation de textes et d&rsquo;images n&rsquo;est possible qu&rsquo;avec une autorisation expresse.Power-to-X DAYS, c\/o Swissmem n&rsquo;est pas responsable du contenu des sites externes vers lesquels des liens sont \u00e9tablis \u00e0 partir de ce site. Concept &amp; R\u00e9dactionSensor Advice GmbHUniversit\u00e4tstrasse 658006 Zurichwww.sensoradvice.ch ConceptionMr. Campaigning AGLimmat Tower [&hellip;]<\/p>\n","protected":false},"author":5,"featured_media":0,"parent":0,"menu_order":0,"comment_status":"closed","ping_status":"closed","template":"container-template.php","meta":{"_acf_changed":false,"inline_featured_image":false,"footnotes":""},"class_list":["post-10575","page","type-page","status-publish","hentry"],"acf":[],"yoast_head":"<!-- This site is optimized with the Yoast SEO plugin v27.2 - https:\/\/yoast.com\/product\/yoast-seo-wordpress\/ -->\n<title>Mentions l\u00e9gales - Power-to-X DAYS<\/title>\n<meta name=\"robots\" content=\"index, follow, max-snippet:-1, max-image-preview:large, max-video-preview:-1\" \/>\n<link rel=\"canonical\" href=\"https:\/\/power-to-x-days.ch\/fr\/mentions-legales\/\" \/>\n<meta property=\"og:locale\" content=\"fr_FR\" \/>\n<meta property=\"og:type\" content=\"article\" \/>\n<meta property=\"og:title\" content=\"Mentions l\u00e9gales - Power-to-X DAYS\" \/>\n<meta property=\"og:description\" content=\"Power-to-X DAYSc\/o Swissmem Tout le contenu de ce site web \u00a9Power-to-X DAYS.L&rsquo;utilisation de textes et d&rsquo;images n&rsquo;est possible qu&rsquo;avec une autorisation expresse.Power-to-X DAYS, c\/o Swissmem n&rsquo;est pas responsable du contenu des sites externes vers lesquels des liens sont \u00e9tablis \u00e0 partir de ce site. Concept &amp; R\u00e9dactionSensor Advice GmbHUniversit\u00e4tstrasse 658006 Zurichwww.sensoradvice.ch ConceptionMr. Campaigning AGLimmat Tower [&hellip;]\" \/>\n<meta property=\"og:url\" content=\"https:\/\/power-to-x-days.ch\/fr\/mentions-legales\/\" \/>\n<meta property=\"og:site_name\" content=\"Power-to-X DAYS\" \/>\n<meta property=\"article:modified_time\" content=\"2025-09-08T06:54:27+00:00\" \/>\n<meta property=\"og:image\" content=\"https:\/\/power-to-x-days.ch\/wp-content\/uploads\/2020\/01\/p2xlogopng.png\" \/>\n\t<meta property=\"og:image:width\" content=\"1192\" \/>\n\t<meta property=\"og:image:height\" content=\"337\" \/>\n\t<meta property=\"og:image:type\" content=\"image\/png\" \/>\n<meta name=\"twitter:card\" content=\"summary_large_image\" \/>\n<script type=\"application\/ld+json\" class=\"yoast-schema-graph\">{\"@context\":\"https:\/\/schema.org\",\"@graph\":[{\"@type\":\"WebPage\",\"@id\":\"https:\/\/power-to-x-days.ch\/fr\/mentions-legales\/\",\"url\":\"https:\/\/power-to-x-days.ch\/fr\/mentions-legales\/\",\"name\":\"Mentions l\u00e9gales - Power-to-X DAYS\",\"isPartOf\":{\"@id\":\"https:\/\/power-to-x-days.ch\/#website\"},\"datePublished\":\"2024-06-04T09:15:17+00:00\",\"dateModified\":\"2025-09-08T06:54:27+00:00\",\"breadcrumb\":{\"@id\":\"https:\/\/power-to-x-days.ch\/fr\/mentions-legales\/#breadcrumb\"},\"inLanguage\":\"fr-FR\",\"potentialAction\":[{\"@type\":\"ReadAction\",\"target\":[\"https:\/\/power-to-x-days.ch\/fr\/mentions-legales\/\"]}]},{\"@type\":\"BreadcrumbList\",\"@id\":\"https:\/\/power-to-x-days.ch\/fr\/mentions-legales\/#breadcrumb\",\"itemListElement\":[{\"@type\":\"ListItem\",\"position\":1,\"name\":\"Startseite\",\"item\":\"https:\/\/power-to-x-days.ch\/fr\/\"},{\"@type\":\"ListItem\",\"position\":2,\"name\":\"Mentions l\u00e9gales\"}]},{\"@type\":\"WebSite\",\"@id\":\"https:\/\/power-to-x-days.ch\/#website\",\"url\":\"https:\/\/power-to-x-days.ch\/\",\"name\":\"Power-to-X DAYS\",\"description\":\"Energie f\u00fcr gute L\u00f6sungen\",\"publisher\":{\"@id\":\"https:\/\/power-to-x-days.ch\/#organization\"},\"potentialAction\":[{\"@type\":\"SearchAction\",\"target\":{\"@type\":\"EntryPoint\",\"urlTemplate\":\"https:\/\/power-to-x-days.ch\/?s={search_term_string}\"},\"query-input\":{\"@type\":\"PropertyValueSpecification\",\"valueRequired\":true,\"valueName\":\"search_term_string\"}}],\"inLanguage\":\"fr-FR\"},{\"@type\":\"Organization\",\"@id\":\"https:\/\/power-to-x-days.ch\/#organization\",\"name\":\"Power-to-X DAYS\",\"url\":\"https:\/\/power-to-x-days.ch\/\",\"logo\":{\"@type\":\"ImageObject\",\"inLanguage\":\"fr-FR\",\"@id\":\"https:\/\/power-to-x-days.ch\/#\/schema\/logo\/image\/\",\"url\":\"https:\/\/power-to-x-days.ch\/wp-content\/uploads\/2020\/01\/p2xlogopng.png\",\"contentUrl\":\"https:\/\/power-to-x-days.ch\/wp-content\/uploads\/2020\/01\/p2xlogopng.png\",\"width\":1192,\"height\":337,\"caption\":\"Power-to-X DAYS\"},\"image\":{\"@id\":\"https:\/\/power-to-x-days.ch\/#\/schema\/logo\/image\/\"},\"sameAs\":[\"https:\/\/www.linkedin.com\/company\/102862334\",\"https:\/\/www.instagram.com\/power_to_x_days\"]}]}<\/script>\n<!-- \/ Yoast SEO plugin. -->","yoast_head_json":{"title":"Mentions l\u00e9gales - Power-to-X DAYS","robots":{"index":"index","follow":"follow","max-snippet":"max-snippet:-1","max-image-preview":"max-image-preview:large","max-video-preview":"max-video-preview:-1"},"canonical":"https:\/\/power-to-x-days.ch\/fr\/mentions-legales\/","og_locale":"fr_FR","og_type":"article","og_title":"Mentions l\u00e9gales - Power-to-X DAYS","og_description":"Power-to-X DAYSc\/o Swissmem Tout le contenu de ce site web \u00a9Power-to-X DAYS.L&rsquo;utilisation de textes et d&rsquo;images n&rsquo;est possible qu&rsquo;avec une autorisation expresse.Power-to-X DAYS, c\/o Swissmem n&rsquo;est pas responsable du contenu des sites externes vers lesquels des liens sont \u00e9tablis \u00e0 partir de ce site. Concept &amp; R\u00e9dactionSensor Advice GmbHUniversit\u00e4tstrasse 658006 Zurichwww.sensoradvice.ch ConceptionMr. Campaigning AGLimmat Tower [&hellip;]","og_url":"https:\/\/power-to-x-days.ch\/fr\/mentions-legales\/","og_site_name":"Power-to-X DAYS","article_modified_time":"2025-09-08T06:54:27+00:00","og_image":[{"width":1192,"height":337,"url":"https:\/\/power-to-x-days.ch\/wp-content\/uploads\/2020\/01\/p2xlogopng.png","type":"image\/png"}],"twitter_card":"summary_large_image","schema":{"@context":"https:\/\/schema.org","@graph":[{"@type":"WebPage","@id":"https:\/\/power-to-x-days.ch\/fr\/mentions-legales\/","url":"https:\/\/power-to-x-days.ch\/fr\/mentions-legales\/","name":"Mentions l\u00e9gales - Power-to-X DAYS","isPartOf":{"@id":"https:\/\/power-to-x-days.ch\/#website"},"datePublished":"2024-06-04T09:15:17+00:00","dateModified":"2025-09-08T06:54:27+00:00","breadcrumb":{"@id":"https:\/\/power-to-x-days.ch\/fr\/mentions-legales\/#breadcrumb"},"inLanguage":"fr-FR","potentialAction":[{"@type":"ReadAction","target":["https:\/\/power-to-x-days.ch\/fr\/mentions-legales\/"]}]},{"@type":"BreadcrumbList","@id":"https:\/\/power-to-x-days.ch\/fr\/mentions-legales\/#breadcrumb","itemListElement":[{"@type":"ListItem","position":1,"name":"Startseite","item":"https:\/\/power-to-x-days.ch\/fr\/"},{"@type":"ListItem","position":2,"name":"Mentions l\u00e9gales"}]},{"@type":"WebSite","@id":"https:\/\/power-to-x-days.ch\/#website","url":"https:\/\/power-to-x-days.ch\/","name":"Power-to-X DAYS","description":"Energie f\u00fcr gute L\u00f6sungen","publisher":{"@id":"https:\/\/power-to-x-days.ch\/#organization"},"potentialAction":[{"@type":"SearchAction","target":{"@type":"EntryPoint","urlTemplate":"https:\/\/power-to-x-days.ch\/?s={search_term_string}"},"query-input":{"@type":"PropertyValueSpecification","valueRequired":true,"valueName":"search_term_string"}}],"inLanguage":"fr-FR"},{"@type":"Organization","@id":"https:\/\/power-to-x-days.ch\/#organization","name":"Power-to-X DAYS","url":"https:\/\/power-to-x-days.ch\/","logo":{"@type":"ImageObject","inLanguage":"fr-FR","@id":"https:\/\/power-to-x-days.ch\/#\/schema\/logo\/image\/","url":"https:\/\/power-to-x-days.ch\/wp-content\/uploads\/2020\/01\/p2xlogopng.png","contentUrl":"https:\/\/power-to-x-days.ch\/wp-content\/uploads\/2020\/01\/p2xlogopng.png","width":1192,"height":337,"caption":"Power-to-X DAYS"},"image":{"@id":"https:\/\/power-to-x-days.ch\/#\/schema\/logo\/image\/"},"sameAs":["https:\/\/www.linkedin.com\/company\/102862334","https:\/\/www.instagram.com\/power_to_x_days"]}]}},"_links":{"self":[{"href":"https:\/\/power-to-x-days.ch\/fr\/wp-json\/wp\/v2\/pages\/10575","targetHints":{"allow":["GET"]}}],"collection":[{"href":"https:\/\/power-to-x-days.ch\/fr\/wp-json\/wp\/v2\/pages"}],"about":[{"href":"https:\/\/power-to-x-days.ch\/fr\/wp-json\/wp\/v2\/types\/page"}],"author":[{"embeddable":true,"href":"https:\/\/power-to-x-days.ch\/fr\/wp-json\/wp\/v2\/users\/5"}],"replies":[{"embeddable":true,"href":"https:\/\/power-to-x-days.ch\/fr\/wp-json\/wp\/v2\/comments?post=10575"}],"version-history":[{"count":1,"href":"https:\/\/power-to-x-days.ch\/fr\/wp-json\/wp\/v2\/pages\/10575\/revisions"}],"predecessor-version":[{"id":12905,"href":"https:\/\/power-to-x-days.ch\/fr\/wp-json\/wp\/v2\/pages\/10575\/revisions\/12905"}],"wp:attachment":[{"href":"https:\/\/power-to-x-days.ch\/fr\/wp-json\/wp\/v2\/media?parent=10575"}],"curies":[{"name":"wp","href":"https:\/\/api.w.org\/{rel}","templated":true}]}}